{"id":842,"date":"2020-12-23T22:03:42","date_gmt":"2020-12-23T21:03:42","guid":{"rendered":"https:\/\/www.asiloabbiateguazzone.it\/2022\/?page_id=842"},"modified":"2020-12-23T22:42:55","modified_gmt":"2020-12-23T21:42:55","slug":"informativa-privacy-iscrizione","status":"publish","type":"page","link":"https:\/\/www.asiloabbiateguazzone.it\/2022\/informativa-privacy-iscrizione\/","title":{"rendered":"Informativa privacy per iscrizione"},"content":{"rendered":"<p>[vc_row full_width=&#8221;stretch_row&#8221; css=&#8221;.vc_custom_1608759768645{border-top-width: 1px !important;padding-top: 20px !important;padding-bottom: 25px !important;background-color: #efefef !important;border-top-color: #bcbcbc !important;border-top-style: dashed !important;}&#8221;][vc_column css=&#8221;.vc_custom_1467360650255{margin-top: 10px !important;margin-bottom: 10px !important;padding-top: 0px !important;padding-right: 40px !important;}&#8221;] <h2 style=\"color:;padding:px;text-align:center;font-size:42px;line-height:50px;letter-spacing: px;font-weight:normal\" class=\"  nd_options_text_align_center_responsive_important nd_options_first_font \">Informativa privacy sul trattamento dei dati<\/h2> [\/vc_column][\/vc_row][vc_row full_width=&#8221;stretch_row&#8221; equal_height=&#8221;yes&#8221; content_placement=&#8221;middle&#8221; css=&#8221;.vc_custom_1608759640559{margin-top: 0px !important;border-top-width: 1px !important;border-bottom-width: 1px !important;padding-top: 30px !important;padding-bottom: 25px !important;border-top-color: #bcbcbc !important;border-top-style: dashed !important;border-bottom-color: #bcbcbc !important;border-bottom-style: dashed !important;}&#8221; el_class=&#8221;nd_options_vc_parallax_filter_3&#8243; el_id=&#8221;privacy&#8221;][vc_column css=&#8221;.vc_custom_1608755605616{margin-top: 0px !important;margin-right: 0px !important;margin-bottom: 0px !important;margin-left: 0px !important;padding-top: 0px !important;padding-right: 0px !important;padding-bottom: 0px !important;padding-left: 0px !important;}&#8221;][vc_column_text el_class=&#8221;nd_options_text_align_center_responsive&#8221; css=&#8221;.vc_custom_1608759584012{margin-bottom: 0px !important;padding-right: 10% !important;padding-bottom: 5px !important;padding-left: 10% !important;}&#8221;]<\/p>\n<p style=\"text-align: left;\"><strong>Oggetto: INFORMATIVA EX ARTICOLO 13, LEGGE 196\/03 modificato dal D.L.gs 10\/08\/2018 e REGOLAMENTO UE 2016\/679 del Parlamento Europeo<\/strong><\/p>\n<p>[\/vc_column_text][vc_column_text el_class=&#8221;nd_options_text_align_center_responsive&#8221; css=&#8221;.vc_custom_1608759576193{margin-bottom: 0px !important;padding-right: 10% !important;padding-bottom: 5px !important;padding-left: 10% !important;}&#8221;]<\/p>\n<p style=\"text-align: justify;\"><span style=\"color: #222222;\">Gentile Signore\/a,<\/span><br \/>\n<span style=\"color: #222222;\">desideriamo informarla che ai sensi dell\u2019art.n.13 del D.L. 30\/6\/2003, N. 196 \u201cCodice Privacy\u201d e regolamento UE 679\/2016, si prevede la tutela delle persone e di altri soggetti rispetto al trattamento dei dati personali. Secondo la legge indicata tale trattamento sar\u00e0 improntato ai principi di correttezza, liceit\u00e0 e trasparenza nonch\u00e9 di tutela della Sua riservatezza e dei Suoi diritti. Nella nostra struttura sono in vigore procedure operative che coinvolgono tutti gli operatori sia con mansioni amministrative, che didattiche, che ausiliarie.<\/span><\/p>\n<p style=\"text-align: justify;\"><span style=\"color: #222222;\">Fra i dati personali che Le vengono richiesti, ci sono anche quelli che la legge definisce come \u201cdati sensibili\u201d ed in particolare informazioni riguardanti la salute del bambino. La presenza di queste informazioni ci porta ad applicare severe e vincolanti norme di comportamento alle quali tutto il personale \u00e8 tenuto ad attenersi.<\/span><\/p>\n<p style=\"text-align: justify;\"><span style=\"color: #222222;\">Ai sensi dell\u2019articolo 13 della legge predetta Le forniamo, quindi, le seguenti informazioni:<\/span><\/p>\n<ol>\n<li style=\"text-align: justify;\"><span style=\"color: #222222;\">i dati personali e le informazioni riguardanti il bambino ed i componenti del nucleo famigliare vengono richiesti al fine di:<\/span>\n<ol type=\"a\">\n<li class=\"letters\"><span style=\"color: #222222;\">gestire nel miglior modo possibile l\u2019inserimento del bambino nella nostra struttura educativa;<\/span><\/li>\n<li class=\"letters\"><span style=\"color: #222222;\">valutare il livello di autonomia personale del bambino;<\/span><\/li>\n<li class=\"letters\"><span style=\"color: #222222;\">organizzare le attivit\u00e0 nelle quali il bambino verr\u00e0 inserito (sia interne che esterne: gite, visite);<\/span><\/li>\n<li class=\"letters\"><span style=\"color: #222222;\">essere in grado di rintracciare un adulto in caso di necessit\u00e0;<\/span><\/li>\n<li class=\"letters\"><span style=\"color: #222222;\">adempiere agli obblighi amministrativi (emissione di ricevute di pagamento)<\/span><\/li>\n<\/ol>\n<\/li>\n<li><span style=\"color: #222222;\">il conferimento dei dati e delle informazioni richieste \u00e8 obbligatorio per il perseguimento delle finalit\u00e0 descritte al punto 1);<\/span><\/li>\n<li style=\"text-align: justify;\"><span style=\"color: #222222;\">alcuni dati, anche sensibili, potranno essere comunicati, cio\u00e8 trasmessi ad un soggetto determinato, solamente se tale comunicazione risulti necessaria al perseguimento delle finalit\u00e0 descritte al punto 1). Per queste comunicazioni \u00e8 necessario raccogliere il Suo consenso. La mancanza del consenso ci esporrebbe alla impossibilit\u00e0 di operare nell\u2019interesse del bambino. Per le operazioni indispensabili per la tutela della salute del bambino stesso ci considereremo comunque autorizzati ad operare senza limitazione alcuna. A titolo di esempio indichiamo, fra gli ambiti di comunicazione possibili:<\/span>\n<ol type=\"a\">\n<li class=\"letters\"><span style=\"color: #222222;\">enti pubblici che abbiano titolo per richiedere l\u2019invio di dati o informazioni (comuni, Ufficio Scolastico Provinciale e Regionale, AST, assistenti sociali);<\/span><\/li>\n<li class=\"letters\"><span style=\"color: #222222;\">societ\u00e0 di servizi amministrativi o di controllo della qualit\u00e0 dei servizi oggetto della nostra offerta;<\/span><\/li>\n<li class=\"letters\"><span style=\"color: #222222;\">personale medico, paramedico o amministrativo di strutture sanitarie impiegato in attivit\u00e0 di controllo, di prevenzione o di assistenza;<\/span><\/li>\n<li class=\"letters\"><span style=\"color: #222222;\">compagnie di assicurazione, periti o altri soggetti coinvolti nella definizione di pratiche di rimborso a seguito di infortuni;<\/span><\/li>\n<\/ol>\n<\/li>\n<li style=\"text-align: justify;\"><span style=\"color: #222222;\">i dati non saranno comunicati ad altri soggetti n\u00e9 saranno oggetto di diffusione senza il vostro preventivo consenso scritto;<\/span><\/li>\n<li style=\"text-align: justify;\"><span style=\"color: #222222;\">in caso sia necessario conoscere vincoli di qualsiasi natura dei quali si debba tenere conto nelle attivit\u00e0 nelle quali il bambino potr\u00e0 essere inserito Lei \u00e8 pregato di darcene comunicazione scritta (allergie, intolleranze alimentari, ecc.);<\/span><\/li>\n<li style=\"text-align: justify;\"><span style=\"color: #222222;\">durante le attivit\u00e0 che verranno effettuate nel corso dell\u2019intero percorso formativo verranno prodotte, a cura del personale insegnante, valutazioni, relazioni, schede didattiche, che potranno contenere riferimenti, dati o informazioni, relative al bambino. Questi materiali confluiranno, unitamente al materiale prodotto durante le attivit\u00e0, nel <strong>Fascicolo Personale e \/o Portfolio<\/strong> che accompagner\u00e0 il bambino nel suo percorso scolastico;<\/span>\n<ol type=\"a\">\n<li style=\"text-align: justify;\"><span style=\"color: #222222;\">al termine il fascicolo verr\u00e0 consegnato alla famiglia;<\/span><\/li>\n<li style=\"text-align: justify;\"><span style=\"color: #222222;\">una copia del fascicolo potr\u00e0 essere consegnata agli insegnanti della scuola successiva nella quale il bambino verr\u00e0 inserito;<\/span><\/li>\n<li style=\"text-align: justify;\"><span style=\"color: #222222;\">una copia verr\u00e0 conservata presso la nostra struttura al fine di documentare l\u2019attivit\u00e0 svolta. Questa conservazione potr\u00e0 avvenire soltanto con il Suo consenso esplicito. La documentazione che ci autorizzer\u00e0 a conservare verr\u00e0 tenuta in archivi appositi accessibili soltanto sotto il diretto controllo del Responsabile dei Trattamenti;<\/span><\/li>\n<\/ol>\n<\/li>\n<li style=\"text-align: justify;\"><span style=\"color: #222222;\">durante le attivit\u00e0 \u00e8 possibile che vengano effettuate riprese video o scatti fotografici al fine di documentare quanto svolto. Nella maggior parte dei casi questa \u00e8 una necessit\u00e0 didattica, in altri casi documentale. In ogni caso l\u2019ambito di diffusione delle immagini \u00e8 esclusivamente interno e funzionale alle finalit\u00e0 descritte al punto 1);<\/span><\/li>\n<li style=\"text-align: justify;\"><span style=\"color: #222222;\">nel corso dell\u2019anno e in riferimento ai vari progetti attivati nell\u2019ambito del piano dell\u2019offerta formativa \u00e8 possibile che si rechino a scuola giornalisti delle varie testate per la ripresa foto e articoli di valorizzazione dei lavori dei bambini;<\/span><\/li>\n<li style=\"text-align: justify;\"><span style=\"color: #222222;\">secondo un pronunciamento del Garante della Protezione dei Dati Personali informiamo che \u00e8 possibile effettuare riprese o fotografie da parte dei famigliari dei bambini frequentanti la scuola purch\u00e9 durante occasioni pubbliche di feste, ricorrenze, o attivit\u00e0 aperte e purch\u00e9 le immagini non siano destinate alla diffusione o ad un uso commerciale ma solo ad un uso famigliare;<\/span><\/li>\n<li style=\"text-align: justify;\"><span style=\"color: #222222;\">Le verr\u00e0 chiesto di indicare i nominativi di altre persone autorizzate al ritiro, al termine dell\u2019orario scolastico, del bambino. L\u2019elenco potr\u00e0 essere aggiornato mediante una Sua comunicazione scritta in qualsiasi momento. L\u2019autorizzazione al ritiro solleva la Scuola da ogni responsabilit\u00e0 civile o penale per eventuali incidenti;<\/span><\/li>\n<li style=\"text-align: justify;\"><span style=\"color: #222222;\">titolare del trattamento \u00e8 Mirko Bovo in qualit\u00e0 di Presidente della Scuola dell\u2019Infanzia \u201cAsilo Infantile Abbiate Guazzone\u201d;<\/span><\/li>\n<li style=\"text-align: justify;\"><span style=\"color: #222222;\">responsabile dei trattamenti \u00e8 la Sig.ra Lucia Milena Botta, in qualit\u00e0 di Coordinatrice Didattica, alla quale potr\u00e0 rivolgersi per esercitare i diritti previsti dall\u2019articolo 7 che la legge Le riconosce, accesso, aggiornamento. Vi ricordiamo che potrete sempre rivolgervi all\u2019autorit\u00e0 di controllo per proporre un reclamo sul sito: <a style=\"color: #222222;\" href=\"http:\/\/www.garanteprivacy.it\">www.garanteprivacy.it<\/a><\/span><\/li>\n<\/ol>\n<p>[\/vc_column_text][\/vc_column][\/vc_row]<\/p>\n","protected":false},"excerpt":{"rendered":"<p>[vc_row full_width=&#8221;stretch_row&#8221; css=&#8221;.vc_custom_1608759768645{border-top-width: 1px !important;padding-top: 20px !important;padding-bottom: 25px !important;background-color: #efefef !important;border-top-color: #bcbcbc !important;border-top-style: dashed !important;}&#8221;][vc_column css=&#8221;.vc_custom_1467360650255{margin-top: 10px !important;margin-bottom: 10px !important;padding-top: 0px !important;padding-right: 40px !important;}&#8221;][\/vc_column][\/vc_row][vc_row full_width=&#8221;stretch_row&#8221; equal_height=&#8221;yes&#8221; content_placement=&#8221;middle&#8221; css=&#8221;.vc_custom_1608759640559{margin-top: 0px !important;border-top-width: 1px !important;border-bottom-width: 1px !important;padding-top: 30px !important;padding-bottom: 25px !important;border-top-color: #bcbcbc !important;border-top-style: dashed !important;border-bottom-color: #bcbcbc !important;border-bottom-style: dashed !important;}&#8221; el_class=&#8221;nd_options_vc_parallax_filter_3&#8243; el_id=&#8221;privacy&#8221;][vc_column css=&#8221;.vc_custom_1608755605616{margin-top: 0px !important;margin-right: 0px !important;margin-bottom: 0px !important;margin-left: [&hellip;]<\/p>\n","protected":false},"author":1,"featured_media":0,"parent":0,"menu_order":0,"comment_status":"closed","ping_status":"closed","template":"","meta":[],"_links":{"self":[{"href":"https:\/\/www.asiloabbiateguazzone.it\/2022\/wp-json\/wp\/v2\/pages\/842"}],"collection":[{"href":"https:\/\/www.asiloabbiateguazzone.it\/2022\/wp-json\/wp\/v2\/pages"}],"about":[{"href":"https:\/\/www.asiloabbiateguazzone.it\/2022\/wp-json\/wp\/v2\/types\/page"}],"author":[{"embeddable":true,"href":"https:\/\/www.asiloabbiateguazzone.it\/2022\/wp-json\/wp\/v2\/users\/1"}],"replies":[{"embeddable":true,"href":"https:\/\/www.asiloabbiateguazzone.it\/2022\/wp-json\/wp\/v2\/comments?post=842"}],"version-history":[{"count":16,"href":"https:\/\/www.asiloabbiateguazzone.it\/2022\/wp-json\/wp\/v2\/pages\/842\/revisions"}],"predecessor-version":[{"id":858,"href":"https:\/\/www.asiloabbiateguazzone.it\/2022\/wp-json\/wp\/v2\/pages\/842\/revisions\/858"}],"wp:attachment":[{"href":"https:\/\/www.asiloabbiateguazzone.it\/2022\/wp-json\/wp\/v2\/media?parent=842"}],"curies":[{"name":"wp","href":"https:\/\/api.w.org\/{rel}","templated":true}]}}